{"id":6276,"date":"2026-03-17T10:19:21","date_gmt":"2026-03-17T09:19:21","guid":{"rendered":"https:\/\/boeblingen.motorworld-inn.de\/?page_id=6276"},"modified":"2026-03-27T16:05:59","modified_gmt":"2026-03-27T15:05:59","slug":"motorworld-inn-hotel","status":"publish","type":"page","link":"https:\/\/boeblingen.motorworld-inn.de\/en\/motorworld-inn-hotel\/","title":{"rendered":"Motorworld Inn Hotel"},"content":{"rendered":"\t\t<div data-elementor-type=\"wp-page\" data-elementor-id=\"6276\" class=\"elementor elementor-6276 elementor-6070\" data-elementor-post-type=\"page\">\n\t\t\t\t<div class=\"elementor-element elementor-element-3f54001 e-flex e-con-boxed e-con e-parent\" data-id=\"3f54001\" data-element_type=\"container\" data-e-type=\"container\">\n\t\t\t\t\t<div class=\"e-con-inner\">\n\t\t\t\t<div class=\"elementor-element elementor-element-7474d62 elementor-widget elementor-widget-heading\" data-id=\"7474d62\" data-element_type=\"widget\" data-e-type=\"widget\" data-widget_type=\"heading.default\">\n\t\t\t\t\t<h2 class=\"elementor-heading-title elementor-size-default\">Overnight stays with character<br>Motorworld Inn HoteL<\/h2>\t\t\t\t<\/div>\n\t\t\t\t\t<\/div>\n\t\t\t\t<\/div>\n\t\t<div class=\"elementor-element elementor-element-5291e43 e-flex e-con-boxed e-con e-parent\" data-id=\"5291e43\" data-element_type=\"container\" data-e-type=\"container\">\n\t\t\t\t\t<div class=\"e-con-inner\">\n\t\t<div class=\"elementor-element elementor-element-b77e78f e-con-full e-flex e-con e-child\" data-id=\"b77e78f\" data-element_type=\"container\" data-e-type=\"container\">\n\t\t<div class=\"elementor-element elementor-element-da27e02 e-con-full e-flex e-con e-child\" data-id=\"da27e02\" data-element_type=\"container\" data-e-type=\"container\">\n\t\t<div class=\"elementor-element elementor-element-bac75da e-con-full e-flex e-con e-child\" data-id=\"bac75da\" data-element_type=\"container\" data-e-type=\"container\">\n\t\t\t\t<div class=\"elementor-element elementor-element-fc64a32 elementor-widget elementor-widget-heading\" data-id=\"fc64a32\" data-element_type=\"widget\" data-e-type=\"widget\" data-widget_type=\"heading.default\">\n\t\t\t\t\t<h2 class=\"elementor-heading-title elementor-size-default\">OVERNIGHT STAY WITH CHARACTER<\/h2>\t\t\t\t<\/div>\n\t\t\t\t<div class=\"elementor-element elementor-element-7e80f27 elementor-widget elementor-widget-heading\" data-id=\"7e80f27\" data-element_type=\"widget\" data-e-type=\"widget\" data-widget_type=\"heading.default\">\n\t\t\t\t\t<h2 class=\"elementor-heading-title elementor-size-default\">An extraordinary experience at the MOTORWORLD Inn Hotel.<\/h2>\t\t\t\t<\/div>\n\t\t\t\t<\/div>\n\t\t\t\t<div class=\"elementor-element elementor-element-a2ccf9f elementor-widget elementor-widget-text-editor\" data-id=\"a2ccf9f\" data-element_type=\"widget\" data-e-type=\"widget\" data-widget_type=\"text-editor.default\">\n\t\t\t\t\t\t\t\t\t<p>Immerse yourself in a world full of design, passion and automotive history. Our 26 unique V8 themed rooms whisk you away into individually designed worlds of experience &#8211; no two rooms are the same. Illustrations on the walls, handcrafted furniture and beds made from real vehicle parts &#8211; each room tells its own story and brings automotive dreams to life.  <\/p><p>Enjoy modern comfort with air-conditioned rooms, high-quality furnishings, free WiFi and stylish bathrooms. Start the day relaxed with a vegetarian, vegan or gluten-free breakfast and treat yourself to American, Italian or German cuisine in the in-house restaurant. A bar and sauna round off your stay perfectly.  <\/p>\t\t\t\t\t\t\t\t<\/div>\n\t\t\t\t<div class=\"elementor-element elementor-element-1844ea7 elementor-mobile-align-justify elementor-widget-mobile__width-inherit elementor-widget elementor-widget-button\" data-id=\"1844ea7\" data-element_type=\"widget\" data-e-type=\"widget\" data-widget_type=\"button.default\">\n\t\t\t\t\t\t\t\t\t\t<a class=\"elementor-button elementor-button-link elementor-size-sm\" href=\"https:\/\/booking.softtec.software\/motorworldboeblingen\" target=\"_blank\" rel=\"noopener\">\n\t\t\t\t\t\t<span class=\"elementor-button-content-wrapper\">\n\t\t\t\t\t\t\t\t\t<span class=\"elementor-button-text\">FIND OUT MORE AND BOOK A ROOM HERE!<\/span>\n\t\t\t\t\t<\/span>\n\t\t\t\t\t<\/a>\n\t\t\t\t\t\t\t\t<\/div>\n\t\t\t\t<\/div>\n\t\t\t\t<div class=\"elementor-element elementor-element-8acf5ca elementor-widget elementor-widget-image\" data-id=\"8acf5ca\" data-element_type=\"widget\" data-e-type=\"widget\" data-widget_type=\"image.default\">\n\t\t\t\t\t\t\t\t\t\t\t\t\t\t\t<img fetchpriority=\"high\" decoding=\"async\" width=\"800\" height=\"534\" src=\"https:\/\/boeblingen.motorworld-inn.de\/wp-content\/uploads\/2026\/02\/DSC4431-1024x683.jpg\" class=\"attachment-large size-large wp-image-6267\" alt=\"Modern bedroom with a white platform bed in front of a large-format black and white wall painting of an airplane and city scene, green accents in cushions and blanket, dark wooden floor; on the right, two white armchairs around a round white table on a green carpet in front of large windows with grey blinds.\" srcset=\"https:\/\/boeblingen.motorworld-inn.de\/wp-content\/uploads\/2026\/02\/DSC4431-1024x683.jpg 1024w, https:\/\/boeblingen.motorworld-inn.de\/wp-content\/uploads\/2026\/02\/DSC4431-300x200.jpg 300w, https:\/\/boeblingen.motorworld-inn.de\/wp-content\/uploads\/2026\/02\/DSC4431-768x512.jpg 768w, https:\/\/boeblingen.motorworld-inn.de\/wp-content\/uploads\/2026\/02\/DSC4431-1536x1024.jpg 1536w, https:\/\/boeblingen.motorworld-inn.de\/wp-content\/uploads\/2026\/02\/DSC4431.jpg 2048w\" sizes=\"(max-width: 800px) 100vw, 800px\" \/>\t\t\t\t\t\t\t\t\t\t\t\t\t\t\t<\/div>\n\t\t\t\t<\/div>\n\t\t<div class=\"elementor-element elementor-element-d31768c e-con-full e-flex e-con e-child\" data-id=\"d31768c\" data-element_type=\"container\" data-e-type=\"container\">\n\t\t\t\t<div class=\"elementor-element elementor-element-cf775ee elementor-widget elementor-widget-image\" data-id=\"cf775ee\" data-element_type=\"widget\" data-e-type=\"widget\" data-widget_type=\"image.default\">\n\t\t\t\t\t\t\t\t\t\t\t\t\t\t\t<img decoding=\"async\" width=\"768\" height=\"1102\" src=\"https:\/\/boeblingen.motorworld-inn.de\/wp-content\/uploads\/2026\/02\/DSC4532-768x1102.jpg\" class=\"attachment-medium_large size-medium_large wp-image-6268\" alt=\"In front of a green wall is a small work or bar corner with a modern wooden table, white drawers, a mint green teapot, a small box, a table lamp and bottles with glasses, above which hangs a framed Ford Shelby poster, and in front of it is a white chair with a metal frame.\" srcset=\"https:\/\/boeblingen.motorworld-inn.de\/wp-content\/uploads\/2026\/02\/DSC4532-768x1102.jpg 768w, https:\/\/boeblingen.motorworld-inn.de\/wp-content\/uploads\/2026\/02\/DSC4532-209x300.jpg 209w, https:\/\/boeblingen.motorworld-inn.de\/wp-content\/uploads\/2026\/02\/DSC4532-714x1024.jpg 714w, https:\/\/boeblingen.motorworld-inn.de\/wp-content\/uploads\/2026\/02\/DSC4532-1070x1536.jpg 1070w, https:\/\/boeblingen.motorworld-inn.de\/wp-content\/uploads\/2026\/02\/DSC4532.jpg 1427w\" sizes=\"(max-width: 768px) 100vw, 768px\" \/>\t\t\t\t\t\t\t\t\t\t\t\t\t\t\t<\/div>\n\t\t\t\t<div class=\"elementor-element elementor-element-58f9d3c elementor-absolute elementor-hidden-mobile elementor-hidden-tablet elementor-widget elementor-widget-text-path\" data-id=\"58f9d3c\" data-element_type=\"widget\" data-e-type=\"widget\" data-settings=\"{&quot;text&quot;:&quot;EXCLUSIVE HOTEl X EVENTS X MEETINGS X WORKSHOPS X  &quot;,&quot;align&quot;:&quot;right&quot;,&quot;_position&quot;:&quot;absolute&quot;,&quot;link&quot;:{&quot;url&quot;:&quot;&quot;,&quot;is_external&quot;:&quot;&quot;,&quot;nofollow&quot;:&quot;&quot;,&quot;custom_attributes&quot;:&quot;&quot;},&quot;start_point&quot;:{&quot;unit&quot;:&quot;%&quot;,&quot;size&quot;:0,&quot;sizes&quot;:[]}}\" data-widget_type=\"text-path.default\">\n\t\t\t\t\t\t\t<div class=\"e-text-path\" data-text=\"EXCLUSIVE HOTEl X EVENTS X MEETINGS X WORKSHOPS X  \" data-url=\"\/\/boeblingen.motorworld-inn.de\/wp-content\/plugins\/elementor\/assets\/svg-paths\/circle.svg\" data-link-url=\"\"><\/div>\n\t\t\t\t\t\t<\/div>\n\t\t\t\t<\/div>\n\t\t\t\t\t<\/div>\n\t\t\t\t<\/div>\n\t\t<div class=\"elementor-element elementor-element-9b1596e e-flex e-con-boxed e-con e-parent\" data-id=\"9b1596e\" data-element_type=\"container\" data-e-type=\"container\" data-settings=\"{&quot;background_background&quot;:&quot;classic&quot;}\">\n\t\t\t\t\t<div class=\"e-con-inner\">\n\t\t\t\t<div class=\"elementor-element elementor-element-87b0432 elementor-widget__width-initial elementor-arrows-position-inside elementor-pagination-position-inside elementor-widget elementor-widget-slides\" data-id=\"87b0432\" data-element_type=\"widget\" data-e-type=\"widget\" data-settings=\"{&quot;navigation&quot;:&quot;both&quot;,&quot;autoplay&quot;:&quot;yes&quot;,&quot;pause_on_hover&quot;:&quot;yes&quot;,&quot;pause_on_interaction&quot;:&quot;yes&quot;,&quot;autoplay_speed&quot;:5000,&quot;infinite&quot;:&quot;yes&quot;,&quot;transition&quot;:&quot;slide&quot;,&quot;transition_speed&quot;:500}\" data-widget_type=\"slides.default\">\n\t\t\t\t\t\t\t\t\t\t<div class=\"elementor-slides-wrapper elementor-main-swiper swiper\" role=\"region\" aria-roledescription=\"carousel\" aria-label=\"Slider\" dir=\"ltr\" data-animation=\"fadeInUp\">\n\t\t\t\t<div class=\"swiper-wrapper elementor-slides\">\n\t\t\t\t\t\t\t\t\t\t<div class=\"elementor-repeater-item-e1ca3f6 swiper-slide\" role=\"group\" aria-roledescription=\"slide\"><div class=\"swiper-slide-bg\" role=\"img\" aria-label=\"Modern hotel room with a large double bed in front of a wall with a cloud motif, brown leather headboard, white bed linen and orange accents; a dark coat hangs on the wall on the left, window on the right with gray curtains and a small sitting area consisting of two white chairs, round table and vase with branches on an orange carpet.\"><\/div><div class=\"swiper-slide-inner\" ><div class=\"swiper-slide-contents\"><\/div><\/div><\/div><div class=\"elementor-repeater-item-a22ca8d swiper-slide\" role=\"group\" aria-roledescription=\"slide\"><div class=\"swiper-slide-bg\" role=\"img\" aria-label=\"Old white Mercedes body with front grille, visible headlight on the left, hood ornament, bed with red and white decoration in the background.\"><\/div><div class=\"swiper-slide-inner\" ><div class=\"swiper-slide-contents\"><\/div><\/div><\/div><div class=\"elementor-repeater-item-b04e7fd swiper-slide\" role=\"group\" aria-roledescription=\"slide\"><div class=\"swiper-slide-bg\" role=\"img\" aria-label=\"An open magazine with the title Motor Racing lies on a dusty gray table next to a white bed.\"><\/div><div class=\"swiper-slide-inner\" ><div class=\"swiper-slide-contents\"><\/div><\/div><\/div><div class=\"elementor-repeater-item-252eec8 swiper-slide\" role=\"group\" aria-roledescription=\"slide\"><div class=\"swiper-slide-bg\" role=\"img\" aria-label=\"Bright bathroom with white washbasin, mirror above mirror cabinet, stylish decorative set and green care products next to it; large black and white city panorama on the wall, toilet, paper holder and towel at the bottom left.\"><\/div><div class=\"swiper-slide-inner\" ><div class=\"swiper-slide-contents\"><\/div><\/div><\/div><div class=\"elementor-repeater-item-f722633 swiper-slide\" role=\"group\" aria-roledescription=\"slide\"><div class=\"swiper-slide-bg\" role=\"img\" aria-label=\"Ein geschmackvoll eingerichteter Arbeitsbereich mit roter Wand, Holzschreibtisch, Vintage-Harley-Davison-Print an der Wand, kleiner Kaffeekessel, Glasvasen, Schale mit Snacks, rote Tischlampe und Getr\u00e4nke-Set auf einem schwarzen Ablagekorb.\"><\/div><div class=\"swiper-slide-inner\" ><div class=\"swiper-slide-contents\"><\/div><\/div><\/div><div class=\"elementor-repeater-item-1518f06 swiper-slide\" role=\"group\" aria-roledescription=\"slide\"><div class=\"swiper-slide-bg\" role=\"img\" aria-label=\"Fr\u00fchst\u00fcckstisch mit Croissant in H\u00e4nden, daneben Spiegelei auf dem Teller; im Vordergrund Orangensaft und Waffeln mit Fr\u00fcchten, Obstkorb, K\u00e4seplatte, Fruchtsalat, Marmelade, Brotkorb und eine Tasse Kaffee.\"><\/div><div class=\"swiper-slide-inner\" ><div class=\"swiper-slide-contents\"><div class=\"elementor-slide-description\"><p>.<\/p>\n<\/div><\/div><\/div><\/div><div class=\"elementor-repeater-item-84eae62 swiper-slide\" role=\"group\" aria-roledescription=\"slide\"><div class=\"swiper-slide-bg\" role=\"img\" aria-label=\"Gro\u00dfes modernes Autohaus mit Glasfassade, rote Motor World Schriftzug, Parkpl\u00e4tze vor dem Geb\u00e4ude und klare Himmelreflexionen in den Scheiben\"><\/div><div class=\"swiper-slide-inner\" ><div class=\"swiper-slide-contents\"><\/div><\/div><\/div><div class=\"elementor-repeater-item-6a7116a swiper-slide\" role=\"group\" aria-roledescription=\"slide\"><div class=\"swiper-slide-bg\" role=\"img\" aria-label=\"Eine Glas-Ausstellungshalle mit einer Reihe klassischer Porsche-Sportwagen in Wei\u00df, Gelb und Silber, parkend auf einer mehrst\u00f6ckigen, schr\u00e4g ansteigenden Plattform.\"><\/div><div class=\"swiper-slide-inner\" ><div class=\"swiper-slide-contents\"><\/div><\/div><\/div><div class=\"elementor-repeater-item-0689782 swiper-slide\" role=\"group\" aria-roledescription=\"slide\"><div class=\"swiper-slide-bg\" role=\"img\" aria-label=\"MW_ADL_Werkstatthalle\"><\/div><div class=\"swiper-slide-inner\" ><div class=\"swiper-slide-contents\"><\/div><\/div><\/div>\t\t\t\t<\/div>\n\t\t\t\t\t\t\t\t\t\t\t\t\t\t\t<div class=\"elementor-swiper-button elementor-swiper-button-prev\" role=\"button\" tabindex=\"0\" aria-label=\"Previous slide\">\n\t\t\t\t\t\t\t<svg aria-hidden=\"true\" class=\"e-font-icon-svg e-eicon-chevron-left\" viewBox=\"0 0 1000 1000\" xmlns=\"http:\/\/www.w3.org\/2000\/svg\"><path d=\"M646 125C629 125 613 133 604 142L308 442C296 454 292 471 292 487 292 504 296 521 308 533L604 854C617 867 629 875 646 875 663 875 679 871 692 858 704 846 713 829 713 812 713 796 708 779 692 767L438 487 692 225C700 217 708 204 708 187 708 171 704 154 692 142 675 129 663 125 646 125Z\"><\/path><\/svg>\t\t\t\t\t\t<\/div>\n\t\t\t\t\t\t<div class=\"elementor-swiper-button elementor-swiper-button-next\" role=\"button\" tabindex=\"0\" aria-label=\"Next slide\">\n\t\t\t\t\t\t\t<svg aria-hidden=\"true\" class=\"e-font-icon-svg e-eicon-chevron-right\" viewBox=\"0 0 1000 1000\" xmlns=\"http:\/\/www.w3.org\/2000\/svg\"><path d=\"M696 533C708 521 713 504 713 487 713 471 708 454 696 446L400 146C388 133 375 125 354 125 338 125 325 129 313 142 300 154 292 171 292 187 292 204 296 221 308 233L563 492 304 771C292 783 288 800 288 817 288 833 296 850 308 863 321 871 338 875 354 875 371 875 388 867 400 854L696 533Z\"><\/path><\/svg>\t\t\t\t\t\t<\/div>\n\t\t\t\t\t\t\t\t\t\t\t\t\t\t\t\t<div class=\"swiper-pagination\"><\/div>\n\t\t\t\t\t\t\t\t\t\t\t\t<\/div>\n\t\t\t\t\t\t\t\t<\/div>\n\t\t<div class=\"elementor-element elementor-element-70faa5c e-grid e-con-full e-con e-child\" data-id=\"70faa5c\" data-element_type=\"container\" data-e-type=\"container\">\n\t\t\t\t<div class=\"elementor-element elementor-element-e0f61a3 elementor-widget elementor-widget-image\" data-id=\"e0f61a3\" data-element_type=\"widget\" data-e-type=\"widget\" data-widget_type=\"image.default\">\n\t\t\t\t\t\t\t\t\t\t\t\t\t\t\t<img decoding=\"async\" width=\"800\" height=\"233\" src=\"https:\/\/boeblingen.motorworld-inn.de\/wp-content\/uploads\/2026\/03\/Unbenannt-3-1024x298.png\" class=\"attachment-large size-large wp-image-6426\" alt=\"7 THEMED ROOMS AUTOMOTIVE INSPIRED DESIGN\" srcset=\"https:\/\/boeblingen.motorworld-inn.de\/wp-content\/uploads\/2026\/03\/Unbenannt-3-1024x298.png 1024w, https:\/\/boeblingen.motorworld-inn.de\/wp-content\/uploads\/2026\/03\/Unbenannt-3-300x87.png 300w, https:\/\/boeblingen.motorworld-inn.de\/wp-content\/uploads\/2026\/03\/Unbenannt-3-768x223.png 768w, https:\/\/boeblingen.motorworld-inn.de\/wp-content\/uploads\/2026\/03\/Unbenannt-3.png 1046w\" sizes=\"(max-width: 800px) 100vw, 800px\" \/>\t\t\t\t\t\t\t\t\t\t\t\t\t\t\t<\/div>\n\t\t\t\t<div class=\"elementor-element elementor-element-424e645 elementor-widget elementor-widget-image\" data-id=\"424e645\" data-element_type=\"widget\" data-e-type=\"widget\" data-widget_type=\"image.default\">\n\t\t\t\t\t\t\t\t\t\t\t\t\t\t\t<img loading=\"lazy\" decoding=\"async\" width=\"800\" height=\"450\" src=\"https:\/\/boeblingen.motorworld-inn.de\/wp-content\/uploads\/2026\/03\/Test-2-1024x576.png\" class=\"attachment-large size-large wp-image-6275\" alt=\"36 ROOMS INDIVIDUAL HOTEL CONCEPT\" srcset=\"https:\/\/boeblingen.motorworld-inn.de\/wp-content\/uploads\/2026\/03\/Test-2-1024x576.png 1024w, https:\/\/boeblingen.motorworld-inn.de\/wp-content\/uploads\/2026\/03\/Test-2-300x169.png 300w, https:\/\/boeblingen.motorworld-inn.de\/wp-content\/uploads\/2026\/03\/Test-2-768x432.png 768w, https:\/\/boeblingen.motorworld-inn.de\/wp-content\/uploads\/2026\/03\/Test-2-1536x864.png 1536w, https:\/\/boeblingen.motorworld-inn.de\/wp-content\/uploads\/2026\/03\/Test-2.png 1920w\" sizes=\"(max-width: 800px) 100vw, 800px\" \/>\t\t\t\t\t\t\t\t\t\t\t\t\t\t\t<\/div>\n\t\t\t\t<div class=\"elementor-element elementor-element-6facfbd elementor-widget elementor-widget-image\" data-id=\"6facfbd\" data-element_type=\"widget\" data-e-type=\"widget\" data-widget_type=\"image.default\">\n\t\t\t\t\t\t\t\t\t\t\t\t\t\t\t<img loading=\"lazy\" decoding=\"async\" width=\"800\" height=\"233\" src=\"https:\/\/boeblingen.motorworld-inn.de\/wp-content\/uploads\/2026\/03\/Fruehstueck-1024x298.png\" class=\"attachment-large size-large wp-image-6427\" alt=\"BREAKFAST DIRECTLY at MOTOMIO CAFE, green capital letters with umlauts above the subtitle\" srcset=\"https:\/\/boeblingen.motorworld-inn.de\/wp-content\/uploads\/2026\/03\/Fruehstueck-1024x298.png 1024w, https:\/\/boeblingen.motorworld-inn.de\/wp-content\/uploads\/2026\/03\/Fruehstueck-300x87.png 300w, https:\/\/boeblingen.motorworld-inn.de\/wp-content\/uploads\/2026\/03\/Fruehstueck-768x223.png 768w, https:\/\/boeblingen.motorworld-inn.de\/wp-content\/uploads\/2026\/03\/Fruehstueck.png 1046w\" sizes=\"(max-width: 800px) 100vw, 800px\" \/>\t\t\t\t\t\t\t\t\t\t\t\t\t\t\t<\/div>\n\t\t\t\t<div class=\"elementor-element elementor-element-51fb523 elementor-widget elementor-widget-image\" data-id=\"51fb523\" data-element_type=\"widget\" data-e-type=\"widget\" data-widget_type=\"image.default\">\n\t\t\t\t\t\t\t\t\t\t\t\t\t\t\t<img loading=\"lazy\" decoding=\"async\" width=\"1046\" height=\"304\" src=\"https:\/\/boeblingen.motorworld-inn.de\/wp-content\/uploads\/2026\/03\/Long-Stay-1.png\" class=\"attachment-full size-full wp-image-6428\" alt=\"2 Long Stay Apartments\" srcset=\"https:\/\/boeblingen.motorworld-inn.de\/wp-content\/uploads\/2026\/03\/Long-Stay-1.png 1046w, https:\/\/boeblingen.motorworld-inn.de\/wp-content\/uploads\/2026\/03\/Long-Stay-1-300x87.png 300w, https:\/\/boeblingen.motorworld-inn.de\/wp-content\/uploads\/2026\/03\/Long-Stay-1-1024x298.png 1024w, https:\/\/boeblingen.motorworld-inn.de\/wp-content\/uploads\/2026\/03\/Long-Stay-1-768x223.png 768w\" sizes=\"(max-width: 1046px) 100vw, 1046px\" \/>\t\t\t\t\t\t\t\t\t\t\t\t\t\t\t<\/div>\n\t\t\t\t<\/div>\n\t\t\t\t\t<\/div>\n\t\t\t\t<\/div>\n\t\t<div class=\"elementor-element elementor-element-cceee26 e-flex e-con-boxed e-con e-parent\" data-id=\"cceee26\" data-element_type=\"container\" data-e-type=\"container\">\n\t\t\t\t\t<div class=\"e-con-inner\">\n\t\t<div class=\"elementor-element elementor-element-19b9903 e-con-full e-flex e-con e-child\" data-id=\"19b9903\" data-element_type=\"container\" data-e-type=\"container\">\n\t\t\t\t<div class=\"elementor-element elementor-element-b775ccc elementor-widget elementor-widget-image\" data-id=\"b775ccc\" data-element_type=\"widget\" data-e-type=\"widget\" data-widget_type=\"image.default\">\n\t\t\t\t\t\t\t\t\t\t\t\t\t\t\t<img loading=\"lazy\" decoding=\"async\" width=\"800\" height=\"648\" src=\"https:\/\/boeblingen.motorworld-inn.de\/wp-content\/uploads\/2025\/03\/MWI_0721_-610_3-1-1024x829.jpg\" class=\"attachment-large size-large wp-image-1822\" alt=\"Mann im wei\u00dfen Hemd hinter Bar-Theke mit Tastatur und warmem Licht\" srcset=\"https:\/\/boeblingen.motorworld-inn.de\/wp-content\/uploads\/2025\/03\/MWI_0721_-610_3-1-1024x829.jpg 1024w, https:\/\/boeblingen.motorworld-inn.de\/wp-content\/uploads\/2025\/03\/MWI_0721_-610_3-1-300x243.jpg 300w, https:\/\/boeblingen.motorworld-inn.de\/wp-content\/uploads\/2025\/03\/MWI_0721_-610_3-1-768x622.jpg 768w, https:\/\/boeblingen.motorworld-inn.de\/wp-content\/uploads\/2025\/03\/MWI_0721_-610_3-1-1536x1244.jpg 1536w, https:\/\/boeblingen.motorworld-inn.de\/wp-content\/uploads\/2025\/03\/MWI_0721_-610_3-1-2048x1659.jpg 2048w\" sizes=\"(max-width: 800px) 100vw, 800px\" \/>\t\t\t\t\t\t\t\t\t\t\t\t\t\t\t<\/div>\n\t\t\t\t<\/div>\n\t\t<div class=\"elementor-element elementor-element-7efce3a e-con-full e-flex e-con e-child\" data-id=\"7efce3a\" data-element_type=\"container\" data-e-type=\"container\">\n\t\t<div class=\"elementor-element elementor-element-dee1842 e-con-full e-flex e-con e-child\" data-id=\"dee1842\" data-element_type=\"container\" data-e-type=\"container\">\n\t\t\t\t<div class=\"elementor-element elementor-element-0d43cd5 elementor-widget elementor-widget-heading\" data-id=\"0d43cd5\" data-element_type=\"widget\" data-e-type=\"widget\" data-widget_type=\"heading.default\">\n\t\t\t\t\t<h2 class=\"elementor-heading-title elementor-size-default\">PLAN YOUR STAY WITH US<\/h2>\t\t\t\t<\/div>\n\t\t\t\t<div class=\"elementor-element elementor-element-2ee645f elementor-widget elementor-widget-heading\" data-id=\"2ee645f\" data-element_type=\"widget\" data-e-type=\"widget\" data-widget_type=\"heading.default\">\n\t\t\t\t\t<h2 class=\"elementor-heading-title elementor-size-default\">Your hotel, your temporary home.<\/h2>\t\t\t\t<\/div>\n\t\t\t\t<\/div>\n\t\t\t\t<div class=\"elementor-element elementor-element-bc11cbb elementor-absolute elementor-hidden-mobile elementor-hidden-tablet elementor-widget elementor-widget-text-path\" data-id=\"bc11cbb\" data-element_type=\"widget\" data-e-type=\"widget\" data-settings=\"{&quot;text&quot;:&quot;REQUEST NOW \\u00d7 REQUEST NOW \\u00d7 REQUEST NOW \\u00d7 REQUEST NOW x&quot;,&quot;align&quot;:&quot;right&quot;,&quot;_position&quot;:&quot;absolute&quot;,&quot;link&quot;:{&quot;url&quot;:&quot;&quot;,&quot;is_external&quot;:&quot;&quot;,&quot;nofollow&quot;:&quot;&quot;,&quot;custom_attributes&quot;:&quot;&quot;},&quot;start_point&quot;:{&quot;unit&quot;:&quot;%&quot;,&quot;size&quot;:0,&quot;sizes&quot;:[]}}\" data-widget_type=\"text-path.default\">\n\t\t\t\t\t\t\t<div class=\"e-text-path\" data-text=\"REQUEST NOW &times; REQUEST NOW &times; REQUEST NOW &times; REQUEST NOW x\" data-url=\"\/\/boeblingen.motorworld-inn.de\/wp-content\/plugins\/elementor\/assets\/svg-paths\/circle.svg\" data-link-url=\"\"><\/div>\n\t\t\t\t\t\t<\/div>\n\t\t\t\t<div class=\"elementor-element elementor-element-306a502 elementor-widget elementor-widget-text-editor\" data-id=\"306a502\" data-element_type=\"widget\" data-e-type=\"widget\" data-widget_type=\"text-editor.default\">\n\t\t\t\t\t\t\t\t\t<p data-start=\"403\" data-end=\"639\">A special stay starts with the right atmosphere &#8211; and that&#8217;s exactly what we provide. Whether it&#8217;s a business trip, a short vacation or a relaxing stopover: our team will make you feel welcome from the very first moment. <\/p><p data-start=\"641\" data-end=\"807\">Get to know the <strong data-start=\"656\" data-end=\"684\">MOTORWORLD Inn Hotel<\/strong> and discover comfortable rooms, modern design and the special atmosphere of the MOTORWORLD Region Stuttgart.<\/p><p data-start=\"809\" data-end=\"961\">Feel free to contact us or secure your room directly for your preferred date.<br data-start=\"899\" data-end=\"902\">We look forward to welcoming you soon.<\/p><p><strong>Telefon: <span data-olk-copy-source=\"MessageBody\">07031 7020961<\/span><br>E-Mail: hotel@motorworld-inn-boeblingen.de<\/strong><\/p>\t\t\t\t\t\t\t\t<\/div>\n\t\t\t\t<\/div>\n\t\t\t\t\t<\/div>\n\t\t\t\t<\/div>\n\t\t\t\t<\/div>\n\t\t","protected":false},"excerpt":{"rendered":"<p>Overnight stays with characterMotorworld Inn HoteL OVERNIGHT STAY WITH CHARACTER An extraordinary experience at the MOTORWORLD Inn Hotel. Immerse yourself in a world full of design, passion and automotive history. [&hellip;]<\/p>\n","protected":false},"author":3,"featured_media":0,"parent":0,"menu_order":0,"comment_status":"closed","ping_status":"closed","template":"","meta":{"footnotes":""},"class_list":["post-6276","page","type-page","status-publish","hentry"],"_links":{"self":[{"href":"https:\/\/boeblingen.motorworld-inn.de\/en\/wp-json\/wp\/v2\/pages\/6276","targetHints":{"allow":["GET"]}}],"collection":[{"href":"https:\/\/boeblingen.motorworld-inn.de\/en\/wp-json\/wp\/v2\/pages"}],"about":[{"href":"https:\/\/boeblingen.motorworld-inn.de\/en\/wp-json\/wp\/v2\/types\/page"}],"author":[{"embeddable":true,"href":"https:\/\/boeblingen.motorworld-inn.de\/en\/wp-json\/wp\/v2\/users\/3"}],"replies":[{"embeddable":true,"href":"https:\/\/boeblingen.motorworld-inn.de\/en\/wp-json\/wp\/v2\/comments?post=6276"}],"version-history":[{"count":1,"href":"https:\/\/boeblingen.motorworld-inn.de\/en\/wp-json\/wp\/v2\/pages\/6276\/revisions"}],"predecessor-version":[{"id":6626,"href":"https:\/\/boeblingen.motorworld-inn.de\/en\/wp-json\/wp\/v2\/pages\/6276\/revisions\/6626"}],"wp:attachment":[{"href":"https:\/\/boeblingen.motorworld-inn.de\/en\/wp-json\/wp\/v2\/media?parent=6276"}],"curies":[{"name":"wp","href":"https:\/\/api.w.org\/{rel}","templated":true}]}}